{"id":1276,"date":"2026-02-02T11:33:05","date_gmt":"2026-02-02T16:33:05","guid":{"rendered":"https:\/\/jomourad.com\/?page_id=1276"},"modified":"2026-02-13T06:17:56","modified_gmt":"2026-02-13T11:17:56","slug":"a-propos","status":"publish","type":"page","link":"https:\/\/jomourad.com\/en\/a-propos\/","title":{"rendered":"\u00c0 propos"},"content":{"rendered":"<div data-elementor-type=\"wp-page\" data-elementor-id=\"1276\" class=\"elementor elementor-1276\" data-elementor-post-type=\"page\">\n\t\t\t\t<div class=\"elementor-element elementor-element-3ee9a848 e-con-full e-flex e-con e-parent\" data-id=\"3ee9a848\" data-element_type=\"container\" data-e-type=\"container\">\n\t\t<div class=\"elementor-element elementor-element-167fe43e e-con-full e-flex e-con e-child\" data-id=\"167fe43e\" data-element_type=\"container\" data-e-type=\"container\">\n\t\t\t\t<div class=\"elementor-element elementor-element-69db176 elementor-widget elementor-widget-heading\" data-id=\"69db176\" data-element_type=\"widget\" data-e-type=\"widget\" data-widget_type=\"heading.default\">\n\t\t\t\t\t<h2 class=\"elementor-heading-title elementor-size-default\">About me<\/h2>\t\t\t\t<\/div>\n\t\t\t\t<div class=\"elementor-element elementor-element-10a1a22e elementor-widget elementor-widget-text-editor\" data-id=\"10a1a22e\" data-element_type=\"widget\" data-e-type=\"widget\" data-widget_type=\"text-editor.default\">\n\t\t\t\t\t\t\t\t\t<p>Visual creator based in Quebec, I bring ideas to life through photography and video for brands, businesses, and projects looking for more than just images.<\/p><p>After more than fifteen years in agencies working across web, design, strategy, and production, I now approach every project with a global perspective\u2014taking the time to understand the context, intent, and message before creating.<\/p><p>My work is rooted in visual storytelling. Each image is part of a larger narrative, with a clear tone and direction. The goal isn\u2019t simply to create beautiful visuals, but to produce meaningful content that performs on the platforms where it lives.<\/p><p>I create portraits, brand content, corporate photography and video, editorial projects, and atmospheric imagery, both in studio and on location\u2014primarily in the Laurentians and Montreal, and available to travel as projects require.<\/p>\t\t\t\t\t\t\t\t<\/div>\n\t\t\t\t<\/div>\n\t\t<div class=\"elementor-element elementor-element-1a1250e6 e-con-full e-flex e-con e-child\" data-id=\"1a1250e6\" data-element_type=\"container\" data-e-type=\"container\" data-settings=\"{&quot;background_background&quot;:&quot;classic&quot;}\">\n\t\t\t\t<\/div>\n\t\t\t\t<\/div>\n\t\t\t\t<\/div>","protected":false},"excerpt":{"rendered":"<p>\u00c0 propos de moi Cr\u00e9ateur visuel bas\u00e9 au Qu\u00e9bec, je transforme des id\u00e9es en photo et en vid\u00e9o pour des marques, des entreprises et des projets qui cherchent plus que de simples images. Directeur de cr\u00e9ation pour une agence pendant plus de 15 ans, j&rsquo;ai d\u00e9velopp\u00e9 une expertise en design, strat\u00e9gie web et production. J\u2019aborde [&hellip;]<\/p>\n","protected":false},"author":1,"featured_media":0,"parent":0,"menu_order":0,"comment_status":"closed","ping_status":"closed","template":"elementor_header_footer","meta":{"footnotes":""},"class_list":["post-1276","page","type-page","status-publish","hentry"],"yoast_head":"<!-- This site is optimized with the Yoast SEO plugin v27.4 - https:\/\/yoast.com\/product\/yoast-seo-wordpress\/ -->\n<title>\u00c0 propos | Jo Mourad \u2013 Cr\u00e9ateur visuel au Qu\u00e9bec<\/title>\n<meta name=\"description\" content=\"Cr\u00e9ateur visuel bas\u00e9 au Qu\u00e9bec, sp\u00e9cialis\u00e9 en portrait, contenu de marque et photographie commerciale. Plus de 15 ans d\u2019exp\u00e9rience en agence.\" \/>\n<meta name=\"robots\" content=\"index, follow, max-snippet:-1, max-image-preview:large, max-video-preview:-1\" \/>\n<link rel=\"canonical\" href=\"https:\/\/jomourad.com\/en\/a-propos\/\" \/>\n<meta property=\"og:locale\" content=\"en_US\" \/>\n<meta property=\"og:type\" content=\"article\" \/>\n<meta property=\"og:title\" content=\"\u00c0 propos | Jo Mourad \u2013 Cr\u00e9ateur visuel au Qu\u00e9bec\" \/>\n<meta property=\"og:description\" content=\"Cr\u00e9ateur visuel bas\u00e9 au Qu\u00e9bec, sp\u00e9cialis\u00e9 en portrait, contenu de marque et photographie commerciale. Plus de 15 ans d\u2019exp\u00e9rience en agence.\" \/>\n<meta property=\"og:url\" content=\"https:\/\/jomourad.com\/en\/a-propos\/\" \/>\n<meta property=\"og:site_name\" content=\"Jo Mourad\" \/>\n<meta property=\"article:publisher\" content=\"https:\/\/www.facebook.com\/itsjomourad\" \/>\n<meta property=\"article:modified_time\" content=\"2026-02-13T11:17:56+00:00\" \/>\n<meta property=\"og:image\" content=\"https:\/\/jomourad.com\/wp-content\/uploads\/2026\/01\/jomourad-social-cover.png\" \/>\n\t<meta property=\"og:image:width\" content=\"2400\" \/>\n\t<meta property=\"og:image:height\" content=\"1260\" \/>\n\t<meta property=\"og:image:type\" content=\"image\/png\" \/>\n<meta name=\"twitter:card\" content=\"summary_large_image\" \/>\n<meta name=\"twitter:label1\" content=\"Est. reading time\" \/>\n\t<meta name=\"twitter:data1\" content=\"1 minute\" \/>\n<script type=\"application\/ld+json\" class=\"yoast-schema-graph\">{\"@context\":\"https:\\\/\\\/schema.org\",\"@graph\":[{\"@type\":\"WebPage\",\"@id\":\"https:\\\/\\\/jomourad.com\\\/a-propos\\\/\",\"url\":\"https:\\\/\\\/jomourad.com\\\/a-propos\\\/\",\"name\":\"\u00c0 propos | Jo Mourad \u2013 Cr\u00e9ateur visuel au Qu\u00e9bec\",\"isPartOf\":{\"@id\":\"https:\\\/\\\/jomourad.com\\\/#website\"},\"datePublished\":\"2026-02-02T16:33:05+00:00\",\"dateModified\":\"2026-02-13T11:17:56+00:00\",\"description\":\"Cr\u00e9ateur visuel bas\u00e9 au Qu\u00e9bec, sp\u00e9cialis\u00e9 en portrait, contenu de marque et photographie commerciale. Plus de 15 ans d\u2019exp\u00e9rience en agence.\",\"breadcrumb\":{\"@id\":\"https:\\\/\\\/jomourad.com\\\/a-propos\\\/#breadcrumb\"},\"inLanguage\":\"en-CA\",\"potentialAction\":[{\"@type\":\"ReadAction\",\"target\":[\"https:\\\/\\\/jomourad.com\\\/a-propos\\\/\"]}]},{\"@type\":\"BreadcrumbList\",\"@id\":\"https:\\\/\\\/jomourad.com\\\/a-propos\\\/#breadcrumb\",\"itemListElement\":[{\"@type\":\"ListItem\",\"position\":1,\"name\":\"Home\",\"item\":\"https:\\\/\\\/jomourad.com\\\/\"},{\"@type\":\"ListItem\",\"position\":2,\"name\":\"\u00c0 propos\"}]},{\"@type\":\"WebSite\",\"@id\":\"https:\\\/\\\/jomourad.com\\\/#website\",\"url\":\"https:\\\/\\\/jomourad.com\\\/\",\"name\":\"Jo Mourad\",\"description\":\"Photo - Video - Sites web\",\"publisher\":{\"@id\":\"https:\\\/\\\/jomourad.com\\\/#\\\/schema\\\/person\\\/9864d6ed9fa6efa349f3c7b6307e787d\"},\"potentialAction\":[{\"@type\":\"SearchAction\",\"target\":{\"@type\":\"EntryPoint\",\"urlTemplate\":\"https:\\\/\\\/jomourad.com\\\/?s={search_term_string}\"},\"query-input\":{\"@type\":\"PropertyValueSpecification\",\"valueRequired\":true,\"valueName\":\"search_term_string\"}}],\"inLanguage\":\"en-CA\"},{\"@type\":[\"Person\",\"Organization\"],\"@id\":\"https:\\\/\\\/jomourad.com\\\/#\\\/schema\\\/person\\\/9864d6ed9fa6efa349f3c7b6307e787d\",\"name\":\"jomourad\",\"image\":{\"@type\":\"ImageObject\",\"inLanguage\":\"en-CA\",\"@id\":\"https:\\\/\\\/jomourad.com\\\/wp-content\\\/uploads\\\/2025\\\/10\\\/jo_logo.svg\",\"url\":\"https:\\\/\\\/jomourad.com\\\/wp-content\\\/uploads\\\/2025\\\/10\\\/jo_logo.svg\",\"contentUrl\":\"https:\\\/\\\/jomourad.com\\\/wp-content\\\/uploads\\\/2025\\\/10\\\/jo_logo.svg\",\"width\":316,\"height\":267,\"caption\":\"jomourad\"},\"logo\":{\"@id\":\"https:\\\/\\\/jomourad.com\\\/wp-content\\\/uploads\\\/2025\\\/10\\\/jo_logo.svg\"},\"sameAs\":[\"https:\\\/\\\/jomourad.com\",\"https:\\\/\\\/www.facebook.com\\\/itsjomourad\",\"https:\\\/\\\/www.instagram.com\\\/jomourad\\\/\",\"https:\\\/\\\/www.linkedin.com\\\/in\\\/itsjomourad\\\/\"]}]}<\/script>\n<!-- \/ Yoast SEO plugin. -->","yoast_head_json":{"title":"\u00c0 propos | Jo Mourad \u2013 Cr\u00e9ateur visuel au Qu\u00e9bec","description":"Cr\u00e9ateur visuel bas\u00e9 au Qu\u00e9bec, sp\u00e9cialis\u00e9 en portrait, contenu de marque et photographie commerciale. Plus de 15 ans d\u2019exp\u00e9rience en agence.","robots":{"index":"index","follow":"follow","max-snippet":"max-snippet:-1","max-image-preview":"max-image-preview:large","max-video-preview":"max-video-preview:-1"},"canonical":"https:\/\/jomourad.com\/en\/a-propos\/","og_locale":"en_US","og_type":"article","og_title":"\u00c0 propos | Jo Mourad \u2013 Cr\u00e9ateur visuel au Qu\u00e9bec","og_description":"Cr\u00e9ateur visuel bas\u00e9 au Qu\u00e9bec, sp\u00e9cialis\u00e9 en portrait, contenu de marque et photographie commerciale. Plus de 15 ans d\u2019exp\u00e9rience en agence.","og_url":"https:\/\/jomourad.com\/en\/a-propos\/","og_site_name":"Jo Mourad","article_publisher":"https:\/\/www.facebook.com\/itsjomourad","article_modified_time":"2026-02-13T11:17:56+00:00","og_image":[{"width":2400,"height":1260,"url":"https:\/\/jomourad.com\/wp-content\/uploads\/2026\/01\/jomourad-social-cover.png","type":"image\/png"}],"twitter_card":"summary_large_image","twitter_misc":{"Est. reading time":"1 minute"},"schema":{"@context":"https:\/\/schema.org","@graph":[{"@type":"WebPage","@id":"https:\/\/jomourad.com\/a-propos\/","url":"https:\/\/jomourad.com\/a-propos\/","name":"\u00c0 propos | Jo Mourad \u2013 Cr\u00e9ateur visuel au Qu\u00e9bec","isPartOf":{"@id":"https:\/\/jomourad.com\/#website"},"datePublished":"2026-02-02T16:33:05+00:00","dateModified":"2026-02-13T11:17:56+00:00","description":"Cr\u00e9ateur visuel bas\u00e9 au Qu\u00e9bec, sp\u00e9cialis\u00e9 en portrait, contenu de marque et photographie commerciale. Plus de 15 ans d\u2019exp\u00e9rience en agence.","breadcrumb":{"@id":"https:\/\/jomourad.com\/a-propos\/#breadcrumb"},"inLanguage":"en-CA","potentialAction":[{"@type":"ReadAction","target":["https:\/\/jomourad.com\/a-propos\/"]}]},{"@type":"BreadcrumbList","@id":"https:\/\/jomourad.com\/a-propos\/#breadcrumb","itemListElement":[{"@type":"ListItem","position":1,"name":"Home","item":"https:\/\/jomourad.com\/"},{"@type":"ListItem","position":2,"name":"\u00c0 propos"}]},{"@type":"WebSite","@id":"https:\/\/jomourad.com\/#website","url":"https:\/\/jomourad.com\/","name":"Jo Mourad","description":"Photo - Video - Sites web","publisher":{"@id":"https:\/\/jomourad.com\/#\/schema\/person\/9864d6ed9fa6efa349f3c7b6307e787d"},"potentialAction":[{"@type":"SearchAction","target":{"@type":"EntryPoint","urlTemplate":"https:\/\/jomourad.com\/?s={search_term_string}"},"query-input":{"@type":"PropertyValueSpecification","valueRequired":true,"valueName":"search_term_string"}}],"inLanguage":"en-CA"},{"@type":["Person","Organization"],"@id":"https:\/\/jomourad.com\/#\/schema\/person\/9864d6ed9fa6efa349f3c7b6307e787d","name":"jomourad","image":{"@type":"ImageObject","inLanguage":"en-CA","@id":"https:\/\/jomourad.com\/wp-content\/uploads\/2025\/10\/jo_logo.svg","url":"https:\/\/jomourad.com\/wp-content\/uploads\/2025\/10\/jo_logo.svg","contentUrl":"https:\/\/jomourad.com\/wp-content\/uploads\/2025\/10\/jo_logo.svg","width":316,"height":267,"caption":"jomourad"},"logo":{"@id":"https:\/\/jomourad.com\/wp-content\/uploads\/2025\/10\/jo_logo.svg"},"sameAs":["https:\/\/jomourad.com","https:\/\/www.facebook.com\/itsjomourad","https:\/\/www.instagram.com\/jomourad\/","https:\/\/www.linkedin.com\/in\/itsjomourad\/"]}]}},"_links":{"self":[{"href":"https:\/\/jomourad.com\/en\/wp-json\/wp\/v2\/pages\/1276","targetHints":{"allow":["GET"]}}],"collection":[{"href":"https:\/\/jomourad.com\/en\/wp-json\/wp\/v2\/pages"}],"about":[{"href":"https:\/\/jomourad.com\/en\/wp-json\/wp\/v2\/types\/page"}],"author":[{"embeddable":true,"href":"https:\/\/jomourad.com\/en\/wp-json\/wp\/v2\/users\/1"}],"replies":[{"embeddable":true,"href":"https:\/\/jomourad.com\/en\/wp-json\/wp\/v2\/comments?post=1276"}],"version-history":[{"count":8,"href":"https:\/\/jomourad.com\/en\/wp-json\/wp\/v2\/pages\/1276\/revisions"}],"predecessor-version":[{"id":1425,"href":"https:\/\/jomourad.com\/en\/wp-json\/wp\/v2\/pages\/1276\/revisions\/1425"}],"wp:attachment":[{"href":"https:\/\/jomourad.com\/en\/wp-json\/wp\/v2\/media?parent=1276"}],"curies":[{"name":"wp","href":"https:\/\/api.w.org\/{rel}","templated":true}]}}